{"id":229,"date":"2020-11-15T17:13:09","date_gmt":"2020-11-15T16:13:09","guid":{"rendered":"https:\/\/zwanglos-wak.de\/?page_id=229"},"modified":"2020-11-15T17:13:09","modified_gmt":"2020-11-15T16:13:09","slug":"ueber-uns","status":"publish","type":"page","link":"https:\/\/zwanglos-wak.de\/?page_id=229","title":{"rendered":"\u00dcber Uns"},"content":{"rendered":"\n<div class=\"wp-block-themeisle-blocks-advanced-columns has-1-columns has-desktop-equal-layout has-tablet-equal-layout has-mobile-equal-layout has-default-gap has-vertical-unset\" id=\"wp-block-themeisle-blocks-advanced-columns-318ed9fa\"><div class=\"wp-block-themeisle-blocks-advanced-columns-overlay\"><\/div><div class=\"innerblocks-wrap\">\n<div class=\"wp-block-themeisle-blocks-advanced-column\" id=\"wp-block-themeisle-blocks-advanced-column-1c8d128b\">\n<p>Die Selbsthilfegruppe Zwanglos WAK richtet sich an Menschen im Wartburgkreis, die von einer Zwangsst\u00f6rung betroffen sind. Herr Petschner organisiert und begleitet die Gruppe. Die Gruppe befindet sich derzeit noch in der Gr\u00fcndungsphase.<\/p>\n\n\n\n<p>Die Selbsthilfegruppe soll Wartezeiten auf eine Therapie \u00fcberbr\u00fccken und oder eine medikament\u00f6se Behandlung oder Psychotherapie begleitend unterst\u00fctzen.<\/p>\n\n\n\n<p>Die Gruppe trifft sich 2 mal im Monat in Bad Salzungen. Bei den Treffen geht es um Erfahrungsaustausch, gegenseitige Unterst\u00fctzung, Aufkl\u00e4rung (durch Therapeuten oder \u00c4rzte) und gemeinsame Aktivit\u00e4ten um eine positive Lebensver\u00e4nderung zu erlangen. Wir arbeiten also nach dem Prinzip der Selbsthilfe. Die Gruppe kann und soll keine professionelle Therapie ersetzen.<\/p>\n\n\n\n<p>Willkommen sind alle Betroffenen nach vorheriger Anmeldung.<\/p>\n\n\n\n<p>Bei den Treffen sind nur Betroffene anwesend, besprochene Inhalte werden vertraulich behandelt und bleiben in der Gruppe. Gespr\u00e4che mit Angeh\u00f6rigen finden ausschlie\u00dflich nach vorheriger Absprache und Zustimmung der Gruppe statt.<\/p>\n<\/div>\n<\/div><\/div>\n","protected":false},"excerpt":{"rendered":"","protected":false},"author":1,"featured_media":0,"parent":0,"menu_order":0,"comment_status":"closed","ping_status":"closed","template":"","meta":{"neve_meta_sidebar":"full-width","neve_meta_container":"","neve_meta_enable_content_width":"on","neve_meta_content_width":100,"neve_meta_title_alignment":"","neve_meta_author_avatar":"","neve_post_elements_order":"","neve_meta_disable_header":"","neve_meta_disable_footer":"","neve_meta_disable_title":"","_themeisle_gutenberg_block_has_review":false,"footnotes":""},"class_list":["post-229","page","type-page","status-publish","hentry"],"_links":{"self":[{"href":"https:\/\/zwanglos-wak.de\/index.php?rest_route=\/wp\/v2\/pages\/229","targetHints":{"allow":["GET"]}}],"collection":[{"href":"https:\/\/zwanglos-wak.de\/index.php?rest_route=\/wp\/v2\/pages"}],"about":[{"href":"https:\/\/zwanglos-wak.de\/index.php?rest_route=\/wp\/v2\/types\/page"}],"author":[{"embeddable":true,"href":"https:\/\/zwanglos-wak.de\/index.php?rest_route=\/wp\/v2\/users\/1"}],"replies":[{"embeddable":true,"href":"https:\/\/zwanglos-wak.de\/index.php?rest_route=%2Fwp%2Fv2%2Fcomments&post=229"}],"version-history":[{"count":1,"href":"https:\/\/zwanglos-wak.de\/index.php?rest_route=\/wp\/v2\/pages\/229\/revisions"}],"predecessor-version":[{"id":230,"href":"https:\/\/zwanglos-wak.de\/index.php?rest_route=\/wp\/v2\/pages\/229\/revisions\/230"}],"wp:attachment":[{"href":"https:\/\/zwanglos-wak.de\/index.php?rest_route=%2Fwp%2Fv2%2Fmedia&parent=229"}],"curies":[{"name":"wp","href":"https:\/\/api.w.org\/{rel}","templated":true}]}}