{"id":234,"date":"2020-11-15T17:28:39","date_gmt":"2020-11-15T16:28:39","guid":{"rendered":"https:\/\/zwanglos-wak.de\/?page_id=234"},"modified":"2020-11-15T17:28:39","modified_gmt":"2020-11-15T16:28:39","slug":"was-ist-eine-zwangserkrankung","status":"publish","type":"page","link":"https:\/\/zwanglos-wak.de\/?page_id=234","title":{"rendered":"Was ist eine Zwangserkrankung?"},"content":{"rendered":"\n<div class=\"wp-block-themeisle-blocks-advanced-columns has-2-columns has-desktop-equal-layout has-tablet-equal-layout has-mobile-collapsedRows-layout has-default-gap has-vertical-unset\" id=\"wp-block-themeisle-blocks-advanced-columns-724d3aca\"><div class=\"wp-block-themeisle-blocks-advanced-columns-overlay\"><\/div><div class=\"innerblocks-wrap\">\n<div class=\"wp-block-themeisle-blocks-advanced-column\" id=\"wp-block-themeisle-blocks-advanced-column-fe185d8d\">\n<figure class=\"wp-block-image size-large\"><img loading=\"lazy\" decoding=\"async\" width=\"1024\" height=\"683\" src=\"https:\/\/zwanglos-wak.de\/wp-content\/uploads\/2020\/11\/love-2055960_1920-1024x683.jpg\" alt=\"\" class=\"wp-image-235\" srcset=\"https:\/\/zwanglos-wak.de\/wp-content\/uploads\/2020\/11\/love-2055960_1920-1024x683.jpg 1024w, https:\/\/zwanglos-wak.de\/wp-content\/uploads\/2020\/11\/love-2055960_1920-300x200.jpg 300w, https:\/\/zwanglos-wak.de\/wp-content\/uploads\/2020\/11\/love-2055960_1920-768x512.jpg 768w, https:\/\/zwanglos-wak.de\/wp-content\/uploads\/2020\/11\/love-2055960_1920-1536x1024.jpg 1536w, https:\/\/zwanglos-wak.de\/wp-content\/uploads\/2020\/11\/love-2055960_1920-930x620.jpg 930w, https:\/\/zwanglos-wak.de\/wp-content\/uploads\/2020\/11\/love-2055960_1920.jpg 1920w\" sizes=\"auto, (max-width: 1024px) 100vw, 1024px\" \/><\/figure>\n<\/div>\n\n\n\n<div class=\"wp-block-themeisle-blocks-advanced-column\" id=\"wp-block-themeisle-blocks-advanced-column-79c80569\">\n<p>Eine Zwangserkrankung ist eine psychische St\u00f6rung, deren wesentliche Kennzeichen wiederkehrende unerw\u00fcnschte Gedanken und zwanghafte Handlungen sind.<\/p>\n\n\n\n<p>Die meisten Menschen kennen zwanghafte Vorstellungen oder Handlungen von sich selbst z.B. das Pr\u00fcfen ob die T\u00fcr wirklich geschlossen ist, obwohl man eigentlich wei\u00df, dass man sie gerade erst abgeschlossen hat. Wenn sich derartige Verhaltensweisen wiederholen und der Betroffene darunter leidet und der Alltag dadurch beeintr\u00e4chtigt wird, spricht man von einer Zwangserkrankung oder Zwangsst\u00f6rung.<\/p>\n\n\n\n<p>Zu dieser Erkrankung geh\u00f6ren in der Regel Zwangsgedanken und Zwangshandlungen. Zwangsgedanken sind Vorstellungen, Gedanken oder Impulse, die der Betroffene als unsinnig oder \u00fcbertrieben erkennt, die also nicht seine eigene Meinung wiedergeben, die sich ihm aber dennoch immer wieder aufdr\u00e4ngen. Sie l\u00f6sen unangenehme Gef\u00fchle wie \u00c4ngste, Unbehagen oder Ekel aus. Zwangshandlungen sind sich wiederholende Verhaltensweisen, die oft immer gleich ablaufen m\u00fcssen und zu denen sich der Betroffene gedr\u00e4ngt f\u00fchlt, obwohl er sie als \u00fcbertrieben oder sinnlos erkennt. Zwangshandlungen haben oft zum Ziel, \u00c4ngste, Unbehagen oder Ekel zu verringern, welche durch Zwangsgedanken ausgel\u00f6st worden sind.<\/p>\n\n\n\n<p>Von einer Zwangserkrankung sind ca 3 % der Bev\u00f6lkerung im Laufe ihres Lebens betroffen.  Erste Symptome treten oft schon in der Kindheit oder Jugend auf. <\/p>\n\n\n\n<p><\/p>\n<\/div>\n<\/div><\/div>\n","protected":false},"excerpt":{"rendered":"","protected":false},"author":1,"featured_media":0,"parent":0,"menu_order":0,"comment_status":"closed","ping_status":"closed","template":"","meta":{"neve_meta_sidebar":"full-width","neve_meta_container":"","neve_meta_enable_content_width":"on","neve_meta_content_width":100,"neve_meta_title_alignment":"","neve_meta_author_avatar":"","neve_post_elements_order":"","neve_meta_disable_header":"","neve_meta_disable_footer":"","neve_meta_disable_title":"","_themeisle_gutenberg_block_has_review":false,"footnotes":""},"class_list":["post-234","page","type-page","status-publish","hentry"],"_links":{"self":[{"href":"https:\/\/zwanglos-wak.de\/index.php?rest_route=\/wp\/v2\/pages\/234","targetHints":{"allow":["GET"]}}],"collection":[{"href":"https:\/\/zwanglos-wak.de\/index.php?rest_route=\/wp\/v2\/pages"}],"about":[{"href":"https:\/\/zwanglos-wak.de\/index.php?rest_route=\/wp\/v2\/types\/page"}],"author":[{"embeddable":true,"href":"https:\/\/zwanglos-wak.de\/index.php?rest_route=\/wp\/v2\/users\/1"}],"replies":[{"embeddable":true,"href":"https:\/\/zwanglos-wak.de\/index.php?rest_route=%2Fwp%2Fv2%2Fcomments&post=234"}],"version-history":[{"count":1,"href":"https:\/\/zwanglos-wak.de\/index.php?rest_route=\/wp\/v2\/pages\/234\/revisions"}],"predecessor-version":[{"id":236,"href":"https:\/\/zwanglos-wak.de\/index.php?rest_route=\/wp\/v2\/pages\/234\/revisions\/236"}],"wp:attachment":[{"href":"https:\/\/zwanglos-wak.de\/index.php?rest_route=%2Fwp%2Fv2%2Fmedia&parent=234"}],"curies":[{"name":"wp","href":"https:\/\/api.w.org\/{rel}","templated":true}]}}